{"id":10373,"date":"2025-07-02T09:43:32","date_gmt":"2025-07-02T09:43:32","guid":{"rendered":"https:\/\/www.ecohotelmilano.it\/erklaerung-zur-zugaenglichkeit\/"},"modified":"2026-01-23T11:52:39","modified_gmt":"2026-01-23T11:52:39","slug":"erklaerung-zur-zugaenglichkeit","status":"publish","type":"page","link":"https:\/\/www.ecohotelmilano.it\/de\/erklaerung-zur-zugaenglichkeit\/","title":{"rendered":"Erkl\u00e4rung zur Zug\u00e4nglichkeit"},"content":{"rendered":"\t\t<div data-elementor-type=\"wp-page\" data-elementor-id=\"10373\" class=\"elementor elementor-10373 elementor-10360\" data-elementor-post-type=\"page\">\n\t\t\t\t<div class=\"elementor-element elementor-element-5f96386 e-flex e-con-boxed e-con e-parent\" data-id=\"5f96386\" data-element_type=\"container\" data-e-type=\"container\">\n\t\t\t\t\t<div class=\"e-con-inner\">\n\t\t<div class=\"elementor-element elementor-element-8df803d e-con-full e-flex e-con e-child\" data-id=\"8df803d\" data-element_type=\"container\" data-e-type=\"container\" data-settings=\"{&quot;background_background&quot;:&quot;classic&quot;}\">\n\t\t\t\t<div class=\"elementor-element elementor-element-be0b1e9 elementor-widget elementor-widget-shortcode\" data-id=\"be0b1e9\" data-element_type=\"widget\" data-e-type=\"widget\" data-widget_type=\"shortcode.default\">\n\t\t\t\t<div class=\"elementor-widget-container\">\n\t\t\t\t\t\t\t<div class=\"elementor-shortcode\"><h1>Erkl\u00e4rung zur Zug\u00e4nglichkeit<\/h1><h2>Eco Hotel Milano<\/h2><p><\/p><p><a href=\"mailto:info@ecohotelmilano.it\">info@ecohotelmilano.it<\/a><\/p><p><p>Gesch\u00e4ftsname: Victory srl<br \/>\nRechtlicher Hauptsitz: Via F. Restelli, 3 &#8211; 20124 Mailand, Italien<br \/>\nOperativer Hauptsitz: Via Vittorio Scialoia, 3 &#8211; 20161 Mailand, Italien<br \/>\nMehrwertsteuer\/CF: 13185180158<br \/>\nN. Firmenregister: 13185180158 von Mailand vom 04\/08\/2000<br \/>\nN. REA: MI &#8211; 1622547<br \/>\nGrundkapital: 50.000,00 \u20ac i.v.<br \/>\nPEC: victory-srl@legalmail.it<\/p>\n<\/p><p>Die Website wurde am <strong>23 M\u00e4rz 2021<\/strong> ver\u00f6ffentlicht<br>Die Website wurde am <strong>17 April 2026<\/strong> aktualisiert<\/p><h2>Konformit\u00e4t<\/h2><p>Diese Website ist teilweise konform mit den Anforderungen von Anhang A der Norm UNI CEI EN 301 549 (WCAG 2.1 Stufe AA).<\/p><h2>Nicht barrierefreie Inhalte<\/h2><ul><li>Bilder ohne oder mit unzureichendem Alternativtext<\/li><li>Einige Elemente erf\u00fcllen nicht die Anforderungen an den Farbkontrast<\/li><li>Fehlende semantische Tags schr\u00e4nken die Navigation mit Screenreadern teilweise ein<\/li><li>Video&#039;s: fehlende Untertitel und Transkripte<\/li><li>Sitemap im Footer nicht vorhanden<\/li><li>Fokus ist nicht immer sichtbar<\/li><li>Brotkr\u00fcmelnavigation nicht vorhanden<\/li><li>PDF-Dateien sind nicht vollst\u00e4ndig barrierefrei<\/li><\/ul><h2>Erkl\u00e4rung verfasst von Eco Hotel Milano<\/h2><p>Network Service Srl, basierend auf einer internen Bewertung vom 17 April 2026.<br> Die Erkl\u00e4rung wurde auf Grundlage einer Bewertung gem\u00e4\u00df der Richtlinie (EU) 2016\/2102 erstellt, durch eine Selbsteinsch\u00e4tzung von Network Service Srl mit Unterst\u00fctzung automatisierter Tools.<\/p><h2>Meldung von Problemen<\/h2><p>Sie k\u00f6nnen Barrierefreiheitsprobleme melden an:<br> E-Mail: <span style=\"text-decoration: underline;\"><a href=\"mailto:accessibilita@network-service.it\">accessibilita@network-service.it<\/a><\/span><br> Wir antworten innerhalb von 30 Werktagen.<\/p><h2>Meldung an AgID<\/h2><p>Wenn die Antwort nicht zufriedenstellend ist, k\u00f6nnen Sie eine Meldung an AgID senden: protocollo@pec.agid.gov.it.<\/p><\/div><style>\r\n        h1 { color: var(--e-global-color-primary); font-size: 40px !important; }\r\n        h2 { color: var(--e-global-color-text); font-size: 24px !important; }\r\n        p, a, li  { color: var(--e-global-color-text); font-size: 16px !important; }\r\n    <\/style><\/div>\n\t\t\t\t\t\t<\/div>\n\t\t\t\t<\/div>\n\t\t\t\t<\/div>\n\t\t\t\t\t<\/div>\n\t\t\t\t<\/div>\n\t\t\t\t<\/div>\n\t\t","protected":false},"excerpt":{"rendered":"","protected":false},"author":1,"featured_media":0,"parent":0,"menu_order":0,"comment_status":"closed","ping_status":"closed","template":"elementor_canvas","meta":{"_acf_changed":false,"footnotes":""},"class_list":["post-10373","page","type-page","status-publish","hentry"],"acf":[],"_links":{"self":[{"href":"https:\/\/www.ecohotelmilano.it\/de\/wp-json\/wp\/v2\/pages\/10373","targetHints":{"allow":["GET"]}}],"collection":[{"href":"https:\/\/www.ecohotelmilano.it\/de\/wp-json\/wp\/v2\/pages"}],"about":[{"href":"https:\/\/www.ecohotelmilano.it\/de\/wp-json\/wp\/v2\/types\/page"}],"author":[{"embeddable":true,"href":"https:\/\/www.ecohotelmilano.it\/de\/wp-json\/wp\/v2\/users\/1"}],"replies":[{"embeddable":true,"href":"https:\/\/www.ecohotelmilano.it\/de\/wp-json\/wp\/v2\/comments?post=10373"}],"version-history":[{"count":2,"href":"https:\/\/www.ecohotelmilano.it\/de\/wp-json\/wp\/v2\/pages\/10373\/revisions"}],"predecessor-version":[{"id":11123,"href":"https:\/\/www.ecohotelmilano.it\/de\/wp-json\/wp\/v2\/pages\/10373\/revisions\/11123"}],"wp:attachment":[{"href":"https:\/\/www.ecohotelmilano.it\/de\/wp-json\/wp\/v2\/media?parent=10373"}],"curies":[{"name":"wp","href":"https:\/\/api.w.org\/{rel}","templated":true}]}}